{"id":423,"date":"2018-06-21T09:17:58","date_gmt":"2018-06-21T09:17:58","guid":{"rendered":"https:\/\/hotellerv1.themegoods.com\/beach\/?page_id=423"},"modified":"2025-03-26T08:27:19","modified_gmt":"2025-03-26T08:27:19","slug":"explore","status":"publish","type":"page","link":"https:\/\/artansuitestatilevleri.com\/tr\/explore\/","title":{"rendered":"Restaurant"},"content":{"rendered":"<div data-elementor-type=\"wp-post\" data-elementor-id=\"423\" class=\"elementor elementor-423\">\n\t\t\t\t\t\t<section class=\"elementor-section elementor-top-section elementor-element elementor-element-ed5d5f5 elementor-section-stretched elementor-section-height-min-height elementor-section-boxed elementor-section-height-default elementor-section-items-middle\" data-id=\"ed5d5f5\" data-element_type=\"section\" data-settings=\"{&quot;stretch_section&quot;:&quot;section-stretched&quot;,&quot;background_background&quot;:&quot;classic&quot;,&quot;hoteller_ext_is_background_parallax&quot;:&quot;false&quot;,&quot;hoteller_ext_is_background_backdrop&quot;:&quot;false&quot;,&quot;hoteller_ext_is_background_on_scroll&quot;:&quot;false&quot;}\">\n\t\t\t\t\t\t<div class=\"elementor-container elementor-column-gap-default\">\n\t\t\t\t\t<div class=\"elementor-column elementor-col-100 elementor-top-column elementor-element elementor-element-f7b1285\" data-id=\"f7b1285\" data-element_type=\"column\" data-settings=\"{&quot;hoteller_ext_link_sidemenu&quot;:&quot;false&quot;,&quot;hoteller_ext_link_fullmenu&quot;:&quot;false&quot;,&quot;hoteller_ext_link_closed_fullmenu&quot;:&quot;false&quot;,&quot;hoteller_ext_is_scrollme&quot;:&quot;false&quot;,&quot;hoteller_ext_is_smoove&quot;:&quot;false&quot;,&quot;hoteller_ext_is_parallax_mouse&quot;:&quot;false&quot;,&quot;hoteller_ext_is_infinite&quot;:&quot;false&quot;,&quot;hoteller_ext_is_fadeout_animation&quot;:&quot;false&quot;,&quot;hoteller_ext_mobile_static&quot;:&quot;false&quot;}\">\n\t\t\t<div class=\"elementor-widget-wrap\">\n\t\t\t\t\t\t\t<\/div>\n\t\t<\/div>\n\t\t\t\t\t<\/div>\n\t\t<\/section>\n\t\t\t\t<section class=\"elementor-section elementor-top-section elementor-element elementor-element-c230fd3 elementor-section-boxed elementor-section-height-default elementor-section-height-default\" data-id=\"c230fd3\" data-element_type=\"section\" data-settings=\"{&quot;hoteller_ext_is_background_parallax&quot;:&quot;false&quot;,&quot;hoteller_ext_is_background_backdrop&quot;:&quot;false&quot;,&quot;hoteller_ext_is_background_on_scroll&quot;:&quot;false&quot;}\">\n\t\t\t\t\t\t<div class=\"elementor-container elementor-column-gap-default\">\n\t\t\t\t\t<div class=\"elementor-column elementor-col-100 elementor-top-column elementor-element elementor-element-1aad598\" data-id=\"1aad598\" data-element_type=\"column\" data-settings=\"{&quot;hoteller_ext_link_sidemenu&quot;:&quot;false&quot;,&quot;hoteller_ext_link_fullmenu&quot;:&quot;false&quot;,&quot;hoteller_ext_link_closed_fullmenu&quot;:&quot;false&quot;,&quot;hoteller_ext_is_scrollme&quot;:&quot;false&quot;,&quot;hoteller_ext_is_smoove&quot;:&quot;false&quot;,&quot;hoteller_ext_is_parallax_mouse&quot;:&quot;false&quot;,&quot;hoteller_ext_is_infinite&quot;:&quot;false&quot;,&quot;hoteller_ext_is_fadeout_animation&quot;:&quot;false&quot;,&quot;hoteller_ext_mobile_static&quot;:&quot;false&quot;}\">\n\t\t\t<div class=\"elementor-widget-wrap elementor-element-populated\">\n\t\t\t\t\t\t<div class=\"elementor-element elementor-element-58c11c7 elementor-invisible elementor-widget elementor-widget-heading\" data-id=\"58c11c7\" data-element_type=\"widget\" data-settings=\"{&quot;_animation&quot;:&quot;fadeIn&quot;,&quot;hoteller_ext_link_sidemenu&quot;:&quot;false&quot;,&quot;hoteller_ext_link_fullmenu&quot;:&quot;false&quot;,&quot;hoteller_ext_link_closed_fullmenu&quot;:&quot;false&quot;,&quot;hoteller_ext_is_scrollme&quot;:&quot;false&quot;,&quot;hoteller_ext_is_smoove&quot;:&quot;false&quot;,&quot;hoteller_ext_is_parallax_mouse&quot;:&quot;false&quot;,&quot;hoteller_ext_is_infinite&quot;:&quot;false&quot;,&quot;hoteller_ext_is_fadeout_animation&quot;:&quot;false&quot;,&quot;hoteller_ext_mobile_static&quot;:&quot;false&quot;}\" data-widget_type=\"heading.default\">\n\t\t\t\t<div class=\"elementor-widget-container\">\n\t\t\t\t\t<h1 class=\"elementor-heading-title elementor-size-default\">Romantik Ak\u015famlar ve Gurme Lezzetler \u0130\u00e7in: Artan Suits Teras Restoran<\/h1>\t\t\t\t<\/div>\n\t\t\t\t<\/div>\n\t\t\t\t\t<\/div>\n\t\t<\/div>\n\t\t\t\t\t<\/div>\n\t\t<\/section>\n\t\t\t\t<section class=\"elementor-section elementor-top-section elementor-element elementor-element-af73848 elementor-section-boxed elementor-section-height-default elementor-section-height-default\" data-id=\"af73848\" data-element_type=\"section\" data-settings=\"{&quot;hoteller_ext_is_background_parallax&quot;:&quot;false&quot;,&quot;hoteller_ext_is_background_backdrop&quot;:&quot;false&quot;,&quot;hoteller_ext_is_background_on_scroll&quot;:&quot;false&quot;}\">\n\t\t\t\t\t\t<div class=\"elementor-container elementor-column-gap-default\">\n\t\t\t\t\t<div class=\"elementor-column elementor-col-100 elementor-top-column elementor-element elementor-element-d27ca97\" data-id=\"d27ca97\" data-element_type=\"column\" data-settings=\"{&quot;hoteller_ext_link_sidemenu&quot;:&quot;false&quot;,&quot;hoteller_ext_link_fullmenu&quot;:&quot;false&quot;,&quot;hoteller_ext_link_closed_fullmenu&quot;:&quot;false&quot;,&quot;hoteller_ext_is_scrollme&quot;:&quot;false&quot;,&quot;hoteller_ext_is_smoove&quot;:&quot;false&quot;,&quot;hoteller_ext_is_parallax_mouse&quot;:&quot;false&quot;,&quot;hoteller_ext_is_infinite&quot;:&quot;false&quot;,&quot;hoteller_ext_is_fadeout_animation&quot;:&quot;false&quot;,&quot;hoteller_ext_mobile_static&quot;:&quot;false&quot;}\">\n\t\t\t<div class=\"elementor-widget-wrap elementor-element-populated\">\n\t\t\t\t\t\t<div class=\"elementor-element elementor-element-cd0c7fd elementor-invisible elementor-widget elementor-widget-text-editor\" data-id=\"cd0c7fd\" data-element_type=\"widget\" data-settings=\"{&quot;_animation&quot;:&quot;fadeIn&quot;,&quot;_animation_delay&quot;:200,&quot;hoteller_ext_link_sidemenu&quot;:&quot;false&quot;,&quot;hoteller_ext_link_fullmenu&quot;:&quot;false&quot;,&quot;hoteller_ext_link_closed_fullmenu&quot;:&quot;false&quot;,&quot;hoteller_ext_is_scrollme&quot;:&quot;false&quot;,&quot;hoteller_ext_is_smoove&quot;:&quot;false&quot;,&quot;hoteller_ext_is_parallax_mouse&quot;:&quot;false&quot;,&quot;hoteller_ext_is_infinite&quot;:&quot;false&quot;,&quot;hoteller_ext_is_fadeout_animation&quot;:&quot;false&quot;,&quot;hoteller_ext_mobile_static&quot;:&quot;false&quot;}\" data-widget_type=\"text-editor.default\">\n\t\t\t\t<div class=\"elementor-widget-container\">\n\t\t\t\t\t\t\t\t\t<p class=\"\" data-start=\"330\" data-end=\"574\"><strong data-start=\"330\" data-end=\"397\">E\u015fsiz bir lezzet deneyimi, benzersiz bir manzara ile bulu\u015fuyor!<\/strong><br data-start=\"397\" data-end=\"400\" \/>Artan Suits\u2019in teras kat\u0131nda yer alan deniz manzaral\u0131 restoran\u0131m\u0131z, \u015fehrin kalabal\u0131\u011f\u0131ndan uzak, huzurlu ve \u015f\u0131k bir atmosferde unutulmaz anlar ya\u015faman\u0131z i\u00e7in sizleri bekliyor.<\/p><p class=\"\" data-start=\"576\" data-end=\"841\"><strong data-start=\"576\" data-end=\"648\">G\u00fcne deniz manzaras\u0131yla ba\u015flay\u0131n, g\u00fcn bat\u0131m\u0131n\u0131 lezzetle ta\u00e7land\u0131r\u0131n.<\/strong><br data-start=\"648\" data-end=\"651\" \/>\u0130ster romantik bir ak\u015fam yeme\u011fi, ister arkada\u015flar\u0131n\u0131zla keyifli bir brunch\u2026<br data-start=\"726\" data-end=\"729\" \/>Her an\u0131n\u0131za de\u011fer katacak zengin men\u00fcm\u00fcz, deneyimli \u015feflerimiz ve g\u00fcler y\u00fczl\u00fc servis ekibimizle hizmetinizdeyiz.<\/p>\t\t\t\t\t\t\t\t<\/div>\n\t\t\t\t<\/div>\n\t\t\t\t<div class=\"elementor-element elementor-element-e81d4a3 elementor-invisible elementor-widget elementor-widget-image\" data-id=\"e81d4a3\" data-element_type=\"widget\" data-settings=\"{&quot;_animation&quot;:&quot;fadeIn&quot;,&quot;hoteller_image_is_animation&quot;:&quot;false&quot;,&quot;hoteller_ext_link_sidemenu&quot;:&quot;false&quot;,&quot;hoteller_ext_link_fullmenu&quot;:&quot;false&quot;,&quot;hoteller_ext_link_closed_fullmenu&quot;:&quot;false&quot;,&quot;hoteller_ext_is_scrollme&quot;:&quot;false&quot;,&quot;hoteller_ext_is_smoove&quot;:&quot;false&quot;,&quot;hoteller_ext_is_parallax_mouse&quot;:&quot;false&quot;,&quot;hoteller_ext_is_infinite&quot;:&quot;false&quot;,&quot;hoteller_ext_is_fadeout_animation&quot;:&quot;false&quot;,&quot;hoteller_ext_mobile_static&quot;:&quot;false&quot;}\" data-widget_type=\"image.default\">\n\t\t\t\t<div class=\"elementor-widget-container\">\n\t\t\t\t\t\t\t\t\t\t\t\t<figure class=\"wp-caption\">\n\t\t\t\t\t\t\t\t\t\t<img fetchpriority=\"high\" decoding=\"async\" width=\"2560\" height=\"1780\" src=\"https:\/\/artansuitestatilevleri.com\/wp-content\/uploads\/2025\/03\/6G2A3250-HDR-1-scaled.jpg\" class=\"attachment-full size-full wp-image-3590\" alt=\"\" srcset=\"https:\/\/artansuitestatilevleri.com\/wp-content\/uploads\/2025\/03\/6G2A3250-HDR-1-scaled.jpg 2560w, https:\/\/artansuitestatilevleri.com\/wp-content\/uploads\/2025\/03\/6G2A3250-HDR-1-300x209.jpg 300w, https:\/\/artansuitestatilevleri.com\/wp-content\/uploads\/2025\/03\/6G2A3250-HDR-1-1024x712.jpg 1024w, https:\/\/artansuitestatilevleri.com\/wp-content\/uploads\/2025\/03\/6G2A3250-HDR-1-768x534.jpg 768w, https:\/\/artansuitestatilevleri.com\/wp-content\/uploads\/2025\/03\/6G2A3250-HDR-1-1536x1068.jpg 1536w, https:\/\/artansuitestatilevleri.com\/wp-content\/uploads\/2025\/03\/6G2A3250-HDR-1-2048x1424.jpg 2048w, https:\/\/artansuitestatilevleri.com\/wp-content\/uploads\/2025\/03\/6G2A3250-HDR-1-18x12.jpg 18w, https:\/\/artansuitestatilevleri.com\/wp-content\/uploads\/2025\/03\/6G2A3250-HDR-1-440x306.jpg 440w, https:\/\/artansuitestatilevleri.com\/wp-content\/uploads\/2025\/03\/6G2A3250-HDR-1-600x417.jpg 600w\" sizes=\"(max-width: 2560px) 100vw, 2560px\" \/>\t\t\t\t\t\t\t\t\t\t\t<figcaption class=\"widget-image-caption wp-caption-text\"><\/figcaption>\n\t\t\t\t\t\t\t\t\t\t<\/figure>\n\t\t\t\t\t\t\t\t\t<\/div>\n\t\t\t\t<\/div>\n\t\t\t\t\t<\/div>\n\t\t<\/div>\n\t\t\t\t\t<\/div>\n\t\t<\/section>\n\t\t\t\t<section class=\"elementor-section elementor-top-section elementor-element elementor-element-5955283 elementor-section-boxed elementor-section-height-default elementor-section-height-default\" data-id=\"5955283\" data-element_type=\"section\" data-settings=\"{&quot;hoteller_ext_is_background_parallax&quot;:&quot;false&quot;,&quot;hoteller_ext_is_background_backdrop&quot;:&quot;false&quot;,&quot;hoteller_ext_is_background_on_scroll&quot;:&quot;false&quot;}\">\n\t\t\t\t\t\t<div class=\"elementor-container elementor-column-gap-default\">\n\t\t\t\t\t<div class=\"elementor-column elementor-col-100 elementor-top-column elementor-element elementor-element-564dba8\" data-id=\"564dba8\" data-element_type=\"column\" data-settings=\"{&quot;hoteller_ext_link_sidemenu&quot;:&quot;false&quot;,&quot;hoteller_ext_link_fullmenu&quot;:&quot;false&quot;,&quot;hoteller_ext_link_closed_fullmenu&quot;:&quot;false&quot;,&quot;hoteller_ext_is_scrollme&quot;:&quot;false&quot;,&quot;hoteller_ext_is_smoove&quot;:&quot;false&quot;,&quot;hoteller_ext_is_parallax_mouse&quot;:&quot;false&quot;,&quot;hoteller_ext_is_infinite&quot;:&quot;false&quot;,&quot;hoteller_ext_is_fadeout_animation&quot;:&quot;false&quot;,&quot;hoteller_ext_mobile_static&quot;:&quot;false&quot;}\">\n\t\t\t<div class=\"elementor-widget-wrap elementor-element-populated\">\n\t\t\t\t\t\t<div class=\"elementor-element elementor-element-c59af68 elementor-invisible elementor-widget elementor-widget-text-editor\" data-id=\"c59af68\" data-element_type=\"widget\" data-settings=\"{&quot;_animation&quot;:&quot;fadeIn&quot;,&quot;hoteller_ext_link_sidemenu&quot;:&quot;false&quot;,&quot;hoteller_ext_link_fullmenu&quot;:&quot;false&quot;,&quot;hoteller_ext_link_closed_fullmenu&quot;:&quot;false&quot;,&quot;hoteller_ext_is_scrollme&quot;:&quot;false&quot;,&quot;hoteller_ext_is_smoove&quot;:&quot;false&quot;,&quot;hoteller_ext_is_parallax_mouse&quot;:&quot;false&quot;,&quot;hoteller_ext_is_infinite&quot;:&quot;false&quot;,&quot;hoteller_ext_is_fadeout_animation&quot;:&quot;false&quot;,&quot;hoteller_ext_mobile_static&quot;:&quot;false&quot;}\" data-widget_type=\"text-editor.default\">\n\t\t\t\t<div class=\"elementor-widget-container\">\n\t\t\t\t\t\t\t\t\t<p class=\"\" data-start=\"843\" data-end=\"879\"><strong data-start=\"843\" data-end=\"877\">Neden bizi tercih etmelisiniz?<\/strong><\/p><ul data-start=\"880\" data-end=\"1127\"><li class=\"\" data-start=\"880\" data-end=\"947\"><p class=\"\" data-start=\"882\" data-end=\"947\">Panoramik <strong data-start=\"892\" data-end=\"936\">deniz manzaras\u0131yla en iyi teras restoran<\/strong> deneyimi<\/p><\/li><li class=\"\" data-start=\"948\" data-end=\"999\"><p class=\"\" data-start=\"950\" data-end=\"999\">\u00d6zenle haz\u0131rlanm\u0131\u015f <strong data-start=\"969\" data-end=\"997\">Akdeniz ve d\u00fcnya mutfa\u011f\u0131<\/strong><\/p><\/li><li class=\"\" data-start=\"1000\" data-end=\"1032\"><p class=\"\" data-start=\"1002\" data-end=\"1032\">Modern ve konforlu bir ortam<\/p><\/li><li class=\"\" data-start=\"1033\" data-end=\"1087\"><p class=\"\" data-start=\"1035\" data-end=\"1087\">Do\u011fum g\u00fcn\u00fc, kutlama ve \u00f6zel etkinlikler i\u00e7in ideal<\/p><\/li><li class=\"\" data-start=\"1088\" data-end=\"1127\"><p class=\"\" data-start=\"1090\" data-end=\"1127\">\u015eehir merkezinde, ula\u015f\u0131m\u0131 kolay konum<\/p><\/li><\/ul><p class=\"\" data-start=\"1129\" data-end=\"1303\"><strong data-start=\"1129\" data-end=\"1200\">Rezervasyon i\u00e7in hemen bizimle ileti\u015fime ge\u00e7in ve yerinizi ay\u0131rt\u0131n.<\/strong><br data-start=\"1200\" data-end=\"1203\" \/>Unutulmaz bir yemek deneyimi i\u00e7in <strong data-start=\"1237\" data-end=\"1288\">Artan Suits Teras Kat\u0131 Deniz Manzaral\u0131 Restoran<\/strong> sizi bekliyor.<\/p>\t\t\t\t\t\t\t\t<\/div>\n\t\t\t\t<\/div>\n\t\t\t\t\t<\/div>\n\t\t<\/div>\n\t\t\t\t\t<\/div>\n\t\t<\/section>\n\t\t\t\t<section class=\"elementor-section elementor-top-section elementor-element elementor-element-2cb0af3 elementor-section-boxed elementor-section-height-default elementor-section-height-default\" data-id=\"2cb0af3\" data-element_type=\"section\" data-settings=\"{&quot;hoteller_ext_is_background_parallax&quot;:&quot;false&quot;,&quot;hoteller_ext_is_background_backdrop&quot;:&quot;false&quot;,&quot;hoteller_ext_is_background_on_scroll&quot;:&quot;false&quot;}\">\n\t\t\t\t\t\t<div class=\"elementor-container elementor-column-gap-default\">\n\t\t\t\t\t<div class=\"elementor-column elementor-col-100 elementor-top-column elementor-element elementor-element-ec8b23b\" data-id=\"ec8b23b\" data-element_type=\"column\" data-settings=\"{&quot;hoteller_ext_link_sidemenu&quot;:&quot;false&quot;,&quot;hoteller_ext_link_fullmenu&quot;:&quot;false&quot;,&quot;hoteller_ext_link_closed_fullmenu&quot;:&quot;false&quot;,&quot;hoteller_ext_is_scrollme&quot;:&quot;false&quot;,&quot;hoteller_ext_is_smoove&quot;:&quot;false&quot;,&quot;hoteller_ext_is_parallax_mouse&quot;:&quot;false&quot;,&quot;hoteller_ext_is_infinite&quot;:&quot;false&quot;,&quot;hoteller_ext_is_fadeout_animation&quot;:&quot;false&quot;,&quot;hoteller_ext_mobile_static&quot;:&quot;false&quot;}\">\n\t\t\t<div class=\"elementor-widget-wrap\">\n\t\t\t\t\t\t\t<\/div>\n\t\t<\/div>\n\t\t\t\t\t<\/div>\n\t\t<\/section>\n\t\t\t\t<section class=\"elementor-section elementor-top-section elementor-element elementor-element-ecf05fe elementor-section-boxed elementor-section-height-default elementor-section-height-default\" data-id=\"ecf05fe\" data-element_type=\"section\" data-settings=\"{&quot;hoteller_ext_is_background_parallax&quot;:&quot;false&quot;,&quot;hoteller_ext_is_background_backdrop&quot;:&quot;false&quot;,&quot;hoteller_ext_is_background_on_scroll&quot;:&quot;false&quot;}\">\n\t\t\t\t\t\t<div class=\"elementor-container elementor-column-gap-default\">\n\t\t\t\t\t<div class=\"elementor-column elementor-col-100 elementor-top-column elementor-element elementor-element-30f2e0e\" data-id=\"30f2e0e\" data-element_type=\"column\" data-settings=\"{&quot;hoteller_ext_link_sidemenu&quot;:&quot;false&quot;,&quot;hoteller_ext_link_fullmenu&quot;:&quot;false&quot;,&quot;hoteller_ext_link_closed_fullmenu&quot;:&quot;false&quot;,&quot;hoteller_ext_is_scrollme&quot;:&quot;false&quot;,&quot;hoteller_ext_is_smoove&quot;:&quot;false&quot;,&quot;hoteller_ext_is_parallax_mouse&quot;:&quot;false&quot;,&quot;hoteller_ext_is_infinite&quot;:&quot;false&quot;,&quot;hoteller_ext_is_fadeout_animation&quot;:&quot;false&quot;,&quot;hoteller_ext_mobile_static&quot;:&quot;false&quot;}\">\n\t\t\t<div class=\"elementor-widget-wrap elementor-element-populated\">\n\t\t\t\t\t\t<div class=\"elementor-element elementor-element-8b019b6 elementor-invisible elementor-widget elementor-widget-image\" data-id=\"8b019b6\" data-element_type=\"widget\" data-settings=\"{&quot;_animation&quot;:&quot;fadeIn&quot;,&quot;hoteller_image_is_animation&quot;:&quot;false&quot;,&quot;hoteller_ext_link_sidemenu&quot;:&quot;false&quot;,&quot;hoteller_ext_link_fullmenu&quot;:&quot;false&quot;,&quot;hoteller_ext_link_closed_fullmenu&quot;:&quot;false&quot;,&quot;hoteller_ext_is_scrollme&quot;:&quot;false&quot;,&quot;hoteller_ext_is_smoove&quot;:&quot;false&quot;,&quot;hoteller_ext_is_parallax_mouse&quot;:&quot;false&quot;,&quot;hoteller_ext_is_infinite&quot;:&quot;false&quot;,&quot;hoteller_ext_is_fadeout_animation&quot;:&quot;false&quot;,&quot;hoteller_ext_mobile_static&quot;:&quot;false&quot;}\" data-widget_type=\"image.default\">\n\t\t\t\t<div class=\"elementor-widget-container\">\n\t\t\t\t\t\t\t\t\t\t\t\t<figure class=\"wp-caption\">\n\t\t\t\t\t\t\t\t\t\t<img decoding=\"async\" width=\"2560\" height=\"1722\" src=\"https:\/\/artansuitestatilevleri.com\/wp-content\/uploads\/2025\/03\/6G2A3853-scaled.jpg\" class=\"attachment-full size-full wp-image-3608\" alt=\"\" srcset=\"https:\/\/artansuitestatilevleri.com\/wp-content\/uploads\/2025\/03\/6G2A3853-scaled.jpg 2560w, https:\/\/artansuitestatilevleri.com\/wp-content\/uploads\/2025\/03\/6G2A3853-300x202.jpg 300w, https:\/\/artansuitestatilevleri.com\/wp-content\/uploads\/2025\/03\/6G2A3853-1024x689.jpg 1024w, https:\/\/artansuitestatilevleri.com\/wp-content\/uploads\/2025\/03\/6G2A3853-768x517.jpg 768w, https:\/\/artansuitestatilevleri.com\/wp-content\/uploads\/2025\/03\/6G2A3853-1536x1033.jpg 1536w, https:\/\/artansuitestatilevleri.com\/wp-content\/uploads\/2025\/03\/6G2A3853-2048x1378.jpg 2048w, https:\/\/artansuitestatilevleri.com\/wp-content\/uploads\/2025\/03\/6G2A3853-18x12.jpg 18w, https:\/\/artansuitestatilevleri.com\/wp-content\/uploads\/2025\/03\/6G2A3853-440x296.jpg 440w, https:\/\/artansuitestatilevleri.com\/wp-content\/uploads\/2025\/03\/6G2A3853-600x404.jpg 600w\" sizes=\"(max-width: 2560px) 100vw, 2560px\" \/>\t\t\t\t\t\t\t\t\t\t\t<figcaption class=\"widget-image-caption wp-caption-text\"><\/figcaption>\n\t\t\t\t\t\t\t\t\t\t<\/figure>\n\t\t\t\t\t\t\t\t\t<\/div>\n\t\t\t\t<\/div>\n\t\t\t\t<div class=\"elementor-element elementor-element-e30286f elementor-invisible elementor-widget elementor-widget-image\" data-id=\"e30286f\" data-element_type=\"widget\" data-settings=\"{&quot;_animation&quot;:&quot;fadeIn&quot;,&quot;hoteller_image_is_animation&quot;:&quot;false&quot;,&quot;hoteller_ext_link_sidemenu&quot;:&quot;false&quot;,&quot;hoteller_ext_link_fullmenu&quot;:&quot;false&quot;,&quot;hoteller_ext_link_closed_fullmenu&quot;:&quot;false&quot;,&quot;hoteller_ext_is_scrollme&quot;:&quot;false&quot;,&quot;hoteller_ext_is_smoove&quot;:&quot;false&quot;,&quot;hoteller_ext_is_parallax_mouse&quot;:&quot;false&quot;,&quot;hoteller_ext_is_infinite&quot;:&quot;false&quot;,&quot;hoteller_ext_is_fadeout_animation&quot;:&quot;false&quot;,&quot;hoteller_ext_mobile_static&quot;:&quot;false&quot;}\" data-widget_type=\"image.default\">\n\t\t\t\t<div class=\"elementor-widget-container\">\n\t\t\t\t\t\t\t\t\t\t\t\t<figure class=\"wp-caption\">\n\t\t\t\t\t\t\t\t\t\t<img decoding=\"async\" width=\"2560\" height=\"1707\" src=\"https:\/\/artansuitestatilevleri.com\/wp-content\/uploads\/2025\/03\/6G2A3259-scaled.jpg\" class=\"attachment-full size-full wp-image-3592\" alt=\"\" srcset=\"https:\/\/artansuitestatilevleri.com\/wp-content\/uploads\/2025\/03\/6G2A3259-scaled.jpg 2560w, https:\/\/artansuitestatilevleri.com\/wp-content\/uploads\/2025\/03\/6G2A3259-300x200.jpg 300w, https:\/\/artansuitestatilevleri.com\/wp-content\/uploads\/2025\/03\/6G2A3259-1024x683.jpg 1024w, https:\/\/artansuitestatilevleri.com\/wp-content\/uploads\/2025\/03\/6G2A3259-768x512.jpg 768w, https:\/\/artansuitestatilevleri.com\/wp-content\/uploads\/2025\/03\/6G2A3259-1536x1024.jpg 1536w, https:\/\/artansuitestatilevleri.com\/wp-content\/uploads\/2025\/03\/6G2A3259-2048x1365.jpg 2048w, https:\/\/artansuitestatilevleri.com\/wp-content\/uploads\/2025\/03\/6G2A3259-18x12.jpg 18w, https:\/\/artansuitestatilevleri.com\/wp-content\/uploads\/2025\/03\/6G2A3259-700x466.jpg 700w, https:\/\/artansuitestatilevleri.com\/wp-content\/uploads\/2025\/03\/6G2A3259-440x293.jpg 440w, https:\/\/artansuitestatilevleri.com\/wp-content\/uploads\/2025\/03\/6G2A3259-600x400.jpg 600w\" sizes=\"(max-width: 2560px) 100vw, 2560px\" \/>\t\t\t\t\t\t\t\t\t\t\t<figcaption class=\"widget-image-caption wp-caption-text\"><\/figcaption>\n\t\t\t\t\t\t\t\t\t\t<\/figure>\n\t\t\t\t\t\t\t\t\t<\/div>\n\t\t\t\t<\/div>\n\t\t\t\t<div class=\"elementor-element elementor-element-420d19e elementor-invisible elementor-widget elementor-widget-image\" data-id=\"420d19e\" data-element_type=\"widget\" data-settings=\"{&quot;_animation&quot;:&quot;fadeIn&quot;,&quot;hoteller_image_is_animation&quot;:&quot;false&quot;,&quot;hoteller_ext_link_sidemenu&quot;:&quot;false&quot;,&quot;hoteller_ext_link_fullmenu&quot;:&quot;false&quot;,&quot;hoteller_ext_link_closed_fullmenu&quot;:&quot;false&quot;,&quot;hoteller_ext_is_scrollme&quot;:&quot;false&quot;,&quot;hoteller_ext_is_smoove&quot;:&quot;false&quot;,&quot;hoteller_ext_is_parallax_mouse&quot;:&quot;false&quot;,&quot;hoteller_ext_is_infinite&quot;:&quot;false&quot;,&quot;hoteller_ext_is_fadeout_animation&quot;:&quot;false&quot;,&quot;hoteller_ext_mobile_static&quot;:&quot;false&quot;}\" data-widget_type=\"image.default\">\n\t\t\t\t<div class=\"elementor-widget-container\">\n\t\t\t\t\t\t\t\t\t\t\t\t<figure class=\"wp-caption\">\n\t\t\t\t\t\t\t\t\t\t<img loading=\"lazy\" decoding=\"async\" width=\"1707\" height=\"2560\" src=\"https:\/\/artansuitestatilevleri.com\/wp-content\/uploads\/2025\/03\/6G2A3771-1-scaled.jpg\" class=\"attachment-full size-full wp-image-3598\" alt=\"\" srcset=\"https:\/\/artansuitestatilevleri.com\/wp-content\/uploads\/2025\/03\/6G2A3771-1-scaled.jpg 1707w, https:\/\/artansuitestatilevleri.com\/wp-content\/uploads\/2025\/03\/6G2A3771-1-200x300.jpg 200w, https:\/\/artansuitestatilevleri.com\/wp-content\/uploads\/2025\/03\/6G2A3771-1-683x1024.jpg 683w, https:\/\/artansuitestatilevleri.com\/wp-content\/uploads\/2025\/03\/6G2A3771-1-768x1152.jpg 768w, https:\/\/artansuitestatilevleri.com\/wp-content\/uploads\/2025\/03\/6G2A3771-1-1024x1536.jpg 1024w, https:\/\/artansuitestatilevleri.com\/wp-content\/uploads\/2025\/03\/6G2A3771-1-1365x2048.jpg 1365w, https:\/\/artansuitestatilevleri.com\/wp-content\/uploads\/2025\/03\/6G2A3771-1-8x12.jpg 8w, https:\/\/artansuitestatilevleri.com\/wp-content\/uploads\/2025\/03\/6G2A3771-1-440x660.jpg 440w, https:\/\/artansuitestatilevleri.com\/wp-content\/uploads\/2025\/03\/6G2A3771-1-600x900.jpg 600w\" sizes=\"(max-width: 1707px) 100vw, 1707px\" \/>\t\t\t\t\t\t\t\t\t\t\t<figcaption class=\"widget-image-caption wp-caption-text\"><\/figcaption>\n\t\t\t\t\t\t\t\t\t\t<\/figure>\n\t\t\t\t\t\t\t\t\t<\/div>\n\t\t\t\t<\/div>\n\t\t\t\t\t<\/div>\n\t\t<\/div>\n\t\t\t\t\t<\/div>\n\t\t<\/section>\n\t\t\t\t<\/div>","protected":false},"excerpt":{"rendered":"<p>Romantik Ak\u015famlar ve Gurme Lezzetler \u0130\u00e7in: Artan Suits Teras Restoran E\u015fsiz bir lezzet deneyimi, benzersiz bir manzara ile bulu\u015fuyor!Artan Suits\u2019in teras kat\u0131nda yer alan deniz manzaral\u0131 restoran\u0131m\u0131z, \u015fehrin kalabal\u0131\u011f\u0131ndan uzak, huzurlu ve \u015f\u0131k bir atmosferde unutulmaz anlar ya\u015faman\u0131z i\u00e7in sizleri [&hellip;]<\/p>","protected":false},"author":1,"featured_media":0,"parent":0,"menu_order":0,"comment_status":"closed","ping_status":"closed","template":"","meta":{"footnotes":""},"class_list":["post-423","page","type-page","status-publish","hentry"],"_links":{"self":[{"href":"https:\/\/artansuitestatilevleri.com\/tr\/wp-json\/wp\/v2\/pages\/423","targetHints":{"allow":["GET"]}}],"collection":[{"href":"https:\/\/artansuitestatilevleri.com\/tr\/wp-json\/wp\/v2\/pages"}],"about":[{"href":"https:\/\/artansuitestatilevleri.com\/tr\/wp-json\/wp\/v2\/types\/page"}],"author":[{"embeddable":true,"href":"https:\/\/artansuitestatilevleri.com\/tr\/wp-json\/wp\/v2\/users\/1"}],"replies":[{"embeddable":true,"href":"https:\/\/artansuitestatilevleri.com\/tr\/wp-json\/wp\/v2\/comments?post=423"}],"version-history":[{"count":7,"href":"https:\/\/artansuitestatilevleri.com\/tr\/wp-json\/wp\/v2\/pages\/423\/revisions"}],"predecessor-version":[{"id":3624,"href":"https:\/\/artansuitestatilevleri.com\/tr\/wp-json\/wp\/v2\/pages\/423\/revisions\/3624"}],"wp:attachment":[{"href":"https:\/\/artansuitestatilevleri.com\/tr\/wp-json\/wp\/v2\/media?parent=423"}],"curies":[{"name":"wp","href":"https:\/\/api.w.org\/{rel}","templated":true}]}}